{"id":1953,"date":"2021-10-15T10:20:07","date_gmt":"2021-10-15T13:20:07","guid":{"rendered":"http:\/\/66.97.43.238\/turismo\/?page_id=1953"},"modified":"2022-08-19T08:03:49","modified_gmt":"2022-08-19T11:03:49","slug":"elementor-1953","status":"publish","type":"page","link":"https:\/\/turismoalvearba.tur.ar\/?page_id=1953","title":{"rendered":"Transportes"},"content":{"rendered":"\t\t<div data-elementor-type=\"wp-page\" data-elementor-id=\"1953\" class=\"elementor elementor-1953\" data-elementor-settings=\"[]\">\n\t\t\t\t\t\t\t<div class=\"elementor-section-wrap\">\n\t\t\t\t\t\t\t<section class=\"elementor-section elementor-top-section elementor-element elementor-element-d8678aa elementor-section-boxed elementor-section-height-default elementor-section-height-default\" data-id=\"d8678aa\" data-element_type=\"section\">\n\t\t\t\t\t\t<div class=\"elementor-container elementor-column-gap-default\">\n\t\t\t\t\t<div class=\"elementor-column elementor-col-100 elementor-top-column elementor-element elementor-element-6f212e8\" data-id=\"6f212e8\" data-element_type=\"column\">\n\t\t\t<div class=\"elementor-widget-wrap elementor-element-populated\">\n\t\t\t\t\t\t\t\t<div class=\"elementor-element elementor-element-b10cac0 elementor-widget elementor-widget-spacer\" data-id=\"b10cac0\" data-element_type=\"widget\" data-widget_type=\"spacer.default\">\n\t\t\t\t<div class=\"elementor-widget-container\">\n\t\t\t\t\t<div class=\"elementor-spacer\">\n\t\t\t<div class=\"elementor-spacer-inner\"><\/div>\n\t\t<\/div>\n\t\t\t\t<\/div>\n\t\t\t\t<\/div>\n\t\t\t\t\t<\/div>\n\t\t<\/div>\n\t\t\t\t\t\t\t<\/div>\n\t\t<\/section>\n\t\t\t\t<section class=\"elementor-section elementor-top-section elementor-element elementor-element-6bfdf3d elementor-section-boxed elementor-section-height-default elementor-section-height-default\" data-id=\"6bfdf3d\" data-element_type=\"section\">\n\t\t\t\t\t\t<div class=\"elementor-container elementor-column-gap-default\">\n\t\t\t\t\t<div class=\"elementor-column elementor-col-100 elementor-top-column elementor-element elementor-element-028f400\" data-id=\"028f400\" data-element_type=\"column\">\n\t\t\t<div class=\"elementor-widget-wrap elementor-element-populated\">\n\t\t\t\t\t\t\t\t<div class=\"elementor-element elementor-element-55624a7 elementor-widget elementor-widget-heading\" data-id=\"55624a7\" data-element_type=\"widget\" data-widget_type=\"heading.default\">\n\t\t\t\t<div class=\"elementor-widget-container\">\n\t\t\t<h1 class=\"elementor-heading-title elementor-size-default\">Transporte Local<\/h1>\t\t<\/div>\n\t\t\t\t<\/div>\n\t\t\t\t\t<\/div>\n\t\t<\/div>\n\t\t\t\t\t\t\t<\/div>\n\t\t<\/section>\n\t\t\t\t<section class=\"elementor-section elementor-top-section elementor-element elementor-element-32bfdbb elementor-section-boxed elementor-section-height-default elementor-section-height-default\" data-id=\"32bfdbb\" data-element_type=\"section\">\n\t\t\t\t\t\t<div class=\"elementor-container elementor-column-gap-default\">\n\t\t\t\t\t<div class=\"elementor-column elementor-col-100 elementor-top-column elementor-element elementor-element-3cb17f0\" data-id=\"3cb17f0\" data-element_type=\"column\">\n\t\t\t<div class=\"elementor-widget-wrap elementor-element-populated\">\n\t\t\t\t\t\t\t\t<div class=\"elementor-element elementor-element-5dd9a6a elementor-widget elementor-widget-text-editor\" data-id=\"5dd9a6a\" data-element_type=\"widget\" data-widget_type=\"text-editor.default\">\n\t\t\t\t<div class=\"elementor-widget-container\">\n\t\t\t\t\t<div class=\"elementor-text-editor elementor-clearfix\"><p>Terminal de \u00d3mnibus<\/p><ul><li><b>Av. Sarmiento Entre Isle\u00f1o y Roque P\u00e9rez<\/b><\/li><li><b>Tel: 02344 481001<\/b><\/li><\/ul><p>Remiser\u00eda La Uni\u00f3n\u00a0<\/p><ul><li><b>Av San Martin Esq Italia<\/b><\/li><li><b>Tel: 02344 480167<\/b><\/li><li><b>Cel: 02345 15 535940<\/b><\/li><\/ul><div>\u00a0<\/div><div>\u00a0<\/div><div>\u00a0<\/div><p>\u00a0<\/p><p>Taxi Local<\/p><ul><li><b>Guti\u00e9rrez, Martin &#8211; 02345 15 441223<\/b><\/li><li><b>Aguirre, Paola &#8211; 02344 15 420233<\/b><\/li><\/ul><p>Taxi Larga Distancia<\/p><ul><li><b>Castelli, Gabriel\u00a0 &#8211; 02345 15 667137<\/b><\/li><li><b>Orchiani, Luis &#8211; 0234 15 42438<\/b><\/li><\/ul><p>Combis por Contrataci\u00f3n<\/p><ul><li><b>La Virgen Lucas &#8211; 2345 15 652242<\/b><\/li><li><b>Castelli, Gabriel &#8211; 2345 15 667137<\/b><\/li><li><b>Fregeiro, Nicolas &#8211; 02345 15 420084<\/b><\/li><\/ul><\/div>\n\t\t\t\t<\/div>\n\t\t\t\t<\/div>\n\t\t\t\t\t<\/div>\n\t\t<\/div>\n\t\t\t\t\t\t\t<\/div>\n\t\t<\/section>\n\t\t\t\t<section class=\"elementor-section elementor-top-section elementor-element elementor-element-435f300 elementor-section-boxed elementor-section-height-default elementor-section-height-default\" data-id=\"435f300\" data-element_type=\"section\">\n\t\t\t\t\t\t<div class=\"elementor-container elementor-column-gap-default\">\n\t\t\t\t\t<div class=\"elementor-column elementor-col-50 elementor-top-column elementor-element elementor-element-af51087\" data-id=\"af51087\" data-element_type=\"column\">\n\t\t\t<div class=\"elementor-widget-wrap elementor-element-populated\">\n\t\t\t\t\t\t\t\t<div class=\"elementor-element elementor-element-a20abe7 elementor-widget elementor-widget-text-editor\" data-id=\"a20abe7\" data-element_type=\"widget\" data-widget_type=\"text-editor.default\">\n\t\t\t\t<div class=\"elementor-widget-container\">\n\t\t\t\t\t<div class=\"elementor-text-editor elementor-clearfix\"><h5>Pagina Oficial Pullman Gral. Belgrano<\/h5><h5><a href=\"https:\/\/www.gralbelgrano.com.ar\/\">https:\/\/www.gralbelgrano.com.ar\/<\/a><\/h5><\/div>\n\t\t\t\t<\/div>\n\t\t\t\t<\/div>\n\t\t\t\t\t<\/div>\n\t\t<\/div>\n\t\t\t\t<div class=\"elementor-column elementor-col-50 elementor-top-column elementor-element elementor-element-334ba9b\" data-id=\"334ba9b\" data-element_type=\"column\">\n\t\t\t<div class=\"elementor-widget-wrap elementor-element-populated\">\n\t\t\t\t\t\t\t\t<div class=\"elementor-element elementor-element-ab72ac7 elementor-widget elementor-widget-text-editor\" data-id=\"ab72ac7\" data-element_type=\"widget\" data-widget_type=\"text-editor.default\">\n\t\t\t\t<div class=\"elementor-widget-container\">\n\t\t\t\t\t<div class=\"elementor-text-editor elementor-clearfix\"><h5>Pagina Oficial de BBViajes<\/h5><h5><a href=\"https:\/\/www.bbviajes.com.ar\">https:\/\/www.bbviajes.com.ar<\/a><\/h5><\/div>\n\t\t\t\t<\/div>\n\t\t\t\t<\/div>\n\t\t\t\t\t<\/div>\n\t\t<\/div>\n\t\t\t\t\t\t\t<\/div>\n\t\t<\/section>\n\t\t\t\t\t\t<\/div>\n\t\t\t\t\t<\/div>\n\t\t","protected":false},"excerpt":{"rendered":"<p>Transporte Local Terminal de \u00d3mnibus Av. Sarmiento Entre Isle\u00f1o y Roque P\u00e9rez Tel: 02344 481001 Remiser\u00eda La Uni\u00f3n\u00a0 Av San Martin Esq Italia Tel: 02344 480167 Cel: 02345 15 535940 \u00a0\u00a0\u00a0 \u00a0 Taxi Local Guti\u00e9rrez, Martin &#8211; 02345 15 441223 Aguirre, Paola &#8211; 02344 15 420233 Taxi Larga Distancia Castelli, Gabriel\u00a0 &#8211; 02345 15 667137 &hellip;<\/p>\n<p class=\"read-more\"> <a class=\"\" href=\"https:\/\/turismoalvearba.tur.ar\/?page_id=1953\"> <span class=\"screen-reader-text\">Transportes<\/span> Leer m\u00e1s &raquo;<\/a><\/p>\n","protected":false},"author":1,"featured_media":0,"parent":0,"menu_order":0,"comment_status":"closed","ping_status":"closed","template":"","meta":{"footnotes":""},"class_list":["post-1953","page","type-page","status-publish","hentry"],"_links":{"self":[{"href":"https:\/\/turismoalvearba.tur.ar\/index.php?rest_route=\/wp\/v2\/pages\/1953","targetHints":{"allow":["GET"]}}],"collection":[{"href":"https:\/\/turismoalvearba.tur.ar\/index.php?rest_route=\/wp\/v2\/pages"}],"about":[{"href":"https:\/\/turismoalvearba.tur.ar\/index.php?rest_route=\/wp\/v2\/types\/page"}],"author":[{"embeddable":true,"href":"https:\/\/turismoalvearba.tur.ar\/index.php?rest_route=\/wp\/v2\/users\/1"}],"replies":[{"embeddable":true,"href":"https:\/\/turismoalvearba.tur.ar\/index.php?rest_route=%2Fwp%2Fv2%2Fcomments&post=1953"}],"version-history":[{"count":20,"href":"https:\/\/turismoalvearba.tur.ar\/index.php?rest_route=\/wp\/v2\/pages\/1953\/revisions"}],"predecessor-version":[{"id":2398,"href":"https:\/\/turismoalvearba.tur.ar\/index.php?rest_route=\/wp\/v2\/pages\/1953\/revisions\/2398"}],"wp:attachment":[{"href":"https:\/\/turismoalvearba.tur.ar\/index.php?rest_route=%2Fwp%2Fv2%2Fmedia&parent=1953"}],"curies":[{"name":"wp","href":"https:\/\/api.w.org\/{rel}","templated":true}]}}