{"id":1820,"date":"2021-10-06T09:11:49","date_gmt":"2021-10-06T12:11:49","guid":{"rendered":"http:\/\/66.97.43.238\/turismo\/?page_id=1820"},"modified":"2021-10-18T09:56:35","modified_gmt":"2021-10-18T12:56:35","slug":"elementor-1820","status":"publish","type":"page","link":"https:\/\/turismoalvearba.tur.ar\/?page_id=1820","title":{"rendered":"Telefonos Utiles"},"content":{"rendered":"\t\t<div data-elementor-type=\"wp-page\" data-elementor-id=\"1820\" class=\"elementor elementor-1820\" data-elementor-settings=\"[]\">\n\t\t\t\t\t\t\t<div class=\"elementor-section-wrap\">\n\t\t\t\t\t\t\t<section class=\"elementor-section elementor-top-section elementor-element elementor-element-d834ce7 elementor-section-boxed elementor-section-height-default elementor-section-height-default\" data-id=\"d834ce7\" data-element_type=\"section\">\n\t\t\t\t\t\t<div class=\"elementor-container elementor-column-gap-default\">\n\t\t\t\t\t<div class=\"elementor-column elementor-col-100 elementor-top-column elementor-element elementor-element-ea6889d\" data-id=\"ea6889d\" data-element_type=\"column\">\n\t\t\t<div class=\"elementor-widget-wrap elementor-element-populated\">\n\t\t\t\t\t\t\t\t<div class=\"elementor-element elementor-element-1bc2ecf elementor-widget elementor-widget-spacer\" data-id=\"1bc2ecf\" data-element_type=\"widget\" data-widget_type=\"spacer.default\">\n\t\t\t\t<div class=\"elementor-widget-container\">\n\t\t\t\t\t<div class=\"elementor-spacer\">\n\t\t\t<div class=\"elementor-spacer-inner\"><\/div>\n\t\t<\/div>\n\t\t\t\t<\/div>\n\t\t\t\t<\/div>\n\t\t\t\t\t<\/div>\n\t\t<\/div>\n\t\t\t\t\t\t\t<\/div>\n\t\t<\/section>\n\t\t\t\t<section class=\"elementor-section elementor-top-section elementor-element elementor-element-503921e elementor-section-boxed elementor-section-height-default elementor-section-height-default\" data-id=\"503921e\" data-element_type=\"section\">\n\t\t\t\t\t\t<div class=\"elementor-container elementor-column-gap-default\">\n\t\t\t\t\t<div class=\"elementor-column elementor-col-100 elementor-top-column elementor-element elementor-element-14797eb\" data-id=\"14797eb\" data-element_type=\"column\">\n\t\t\t<div class=\"elementor-widget-wrap elementor-element-populated\">\n\t\t\t\t\t\t\t\t<div class=\"elementor-element elementor-element-b00379e elementor-widget elementor-widget-heading\" data-id=\"b00379e\" data-element_type=\"widget\" data-widget_type=\"heading.default\">\n\t\t\t\t<div class=\"elementor-widget-container\">\n\t\t\t<h1 class=\"elementor-heading-title elementor-size-default\">Tel\u00e9fonos \u00datiles<\/h1>\t\t<\/div>\n\t\t\t\t<\/div>\n\t\t\t\t\t<\/div>\n\t\t<\/div>\n\t\t\t\t\t\t\t<\/div>\n\t\t<\/section>\n\t\t\t\t<section class=\"elementor-section elementor-top-section elementor-element elementor-element-27fc5c7 elementor-section-boxed elementor-section-height-default elementor-section-height-default\" data-id=\"27fc5c7\" data-element_type=\"section\">\n\t\t\t\t\t\t<div class=\"elementor-container elementor-column-gap-default\">\n\t\t\t\t\t<div class=\"elementor-column elementor-col-100 elementor-top-column elementor-element elementor-element-555ec3d\" data-id=\"555ec3d\" data-element_type=\"column\">\n\t\t\t<div class=\"elementor-widget-wrap elementor-element-populated\">\n\t\t\t\t\t\t\t\t<div class=\"elementor-element elementor-element-9235f9c elementor-widget elementor-widget-spacer\" data-id=\"9235f9c\" data-element_type=\"widget\" data-widget_type=\"spacer.default\">\n\t\t\t\t<div class=\"elementor-widget-container\">\n\t\t\t\t\t<div class=\"elementor-spacer\">\n\t\t\t<div class=\"elementor-spacer-inner\"><\/div>\n\t\t<\/div>\n\t\t\t\t<\/div>\n\t\t\t\t<\/div>\n\t\t\t\t\t<\/div>\n\t\t<\/div>\n\t\t\t\t\t\t\t<\/div>\n\t\t<\/section>\n\t\t\t\t<section class=\"elementor-section elementor-top-section elementor-element elementor-element-58cd617 elementor-section-boxed elementor-section-height-default elementor-section-height-default\" data-id=\"58cd617\" data-element_type=\"section\">\n\t\t\t\t\t\t<div class=\"elementor-container elementor-column-gap-default\">\n\t\t\t\t\t<div class=\"elementor-column elementor-col-100 elementor-top-column elementor-element elementor-element-bcc17e8\" data-id=\"bcc17e8\" data-element_type=\"column\">\n\t\t\t<div class=\"elementor-widget-wrap elementor-element-populated\">\n\t\t\t\t\t\t\t\t<div class=\"elementor-element elementor-element-1cd0e3f elementor-widget elementor-widget-text-editor\" data-id=\"1cd0e3f\" data-element_type=\"widget\" data-widget_type=\"text-editor.default\">\n\t\t\t\t<div class=\"elementor-widget-container\">\n\t\t\t\t\t<div class=\"elementor-text-editor elementor-clearfix\"><ul><li style=\"list-style-type: none;\"><ul><li>Hospital<\/li><li><b style=\"font-style: inherit;\">107<\/b><\/li><\/ul><\/li><\/ul><ul><li style=\"list-style-type: none;\"><ul><li>Guardia<\/li><li><b style=\"font-style: inherit;\">02344 481252<\/b><\/li><\/ul><\/li><\/ul><ul><li style=\"list-style-type: none;\"><ul><li>Polic\u00eda<\/li><li><b style=\"font-style: inherit;\">911<\/b><\/li><\/ul><\/li><\/ul><ul><li style=\"list-style-type: none;\"><ul><li>Emergencias<\/li><li><b style=\"font-style: inherit;\">101<\/b><\/li><\/ul><\/li><\/ul><ul><li style=\"list-style-type: none;\"><ul><li>Comisaria Local<\/li><li><b style=\"font-style: inherit;\">02344 481500<\/b><\/li><\/ul><\/li><\/ul><ul><li style=\"list-style-type: none;\"><ul><li>Patrulla Rural<\/li><li><b style=\"font-style: inherit;\">02344 480280<\/b><\/li><\/ul><\/li><\/ul><ul><li style=\"list-style-type: none;\"><ul><li>Bomberos<\/li><li><b style=\"font-style: inherit;\">100<\/b><\/li><\/ul><\/li><\/ul><ul><li style=\"list-style-type: none;\"><ul><li>Cuartel de Bomberos<\/li><li><b style=\"font-style: inherit;\">02344 481111<\/b><\/li><\/ul><\/li><\/ul><ul><li style=\"list-style-type: none;\"><ul><li>Inspector de Flora y Fauna<\/li><li><b style=\"font-style: inherit;\">02344 15 422193<\/b><\/li><\/ul><\/li><\/ul><ul><li style=\"list-style-type: none;\"><ul><li>Casa de Campo<\/li><li><b style=\"font-style: inherit; color: var( --e-global-color-text ); font-family: var( --e-global-typography-text-font-family ), Sans-serif;\">02344 480139<\/b><\/li><\/ul><\/li><\/ul><\/div>\n\t\t\t\t<\/div>\n\t\t\t\t<\/div>\n\t\t\t\t\t<\/div>\n\t\t<\/div>\n\t\t\t\t\t\t\t<\/div>\n\t\t<\/section>\n\t\t\t\t<section class=\"elementor-section elementor-top-section elementor-element elementor-element-a16db60 elementor-section-boxed elementor-section-height-default elementor-section-height-default\" data-id=\"a16db60\" data-element_type=\"section\">\n\t\t\t\t\t\t<div class=\"elementor-container elementor-column-gap-default\">\n\t\t\t\t\t<div class=\"elementor-column elementor-col-100 elementor-top-column elementor-element elementor-element-921d490\" data-id=\"921d490\" data-element_type=\"column\">\n\t\t\t<div class=\"elementor-widget-wrap elementor-element-populated\">\n\t\t\t\t\t\t\t\t<div class=\"elementor-element elementor-element-7072868 elementor-widget elementor-widget-heading\" data-id=\"7072868\" data-element_type=\"widget\" data-widget_type=\"heading.default\">\n\t\t\t\t<div class=\"elementor-widget-container\">\n\t\t\t<h1 class=\"elementor-heading-title elementor-size-default\">Otros Tel\u00e9fonos<\/h1>\t\t<\/div>\n\t\t\t\t<\/div>\n\t\t\t\t\t<\/div>\n\t\t<\/div>\n\t\t\t\t\t\t\t<\/div>\n\t\t<\/section>\n\t\t\t\t<section class=\"elementor-section elementor-top-section elementor-element elementor-element-1f5cd1b elementor-section-boxed elementor-section-height-default elementor-section-height-default\" data-id=\"1f5cd1b\" data-element_type=\"section\">\n\t\t\t\t\t\t<div class=\"elementor-container elementor-column-gap-default\">\n\t\t\t\t\t<div class=\"elementor-column elementor-col-100 elementor-top-column elementor-element elementor-element-3f2c136\" data-id=\"3f2c136\" data-element_type=\"column\">\n\t\t\t<div class=\"elementor-widget-wrap elementor-element-populated\">\n\t\t\t\t\t\t\t\t<div class=\"elementor-element elementor-element-c41dddc elementor-widget elementor-widget-spacer\" data-id=\"c41dddc\" data-element_type=\"widget\" data-widget_type=\"spacer.default\">\n\t\t\t\t<div class=\"elementor-widget-container\">\n\t\t\t\t\t<div class=\"elementor-spacer\">\n\t\t\t<div class=\"elementor-spacer-inner\"><\/div>\n\t\t<\/div>\n\t\t\t\t<\/div>\n\t\t\t\t<\/div>\n\t\t\t\t\t<\/div>\n\t\t<\/div>\n\t\t\t\t\t\t\t<\/div>\n\t\t<\/section>\n\t\t\t\t<section class=\"elementor-section elementor-top-section elementor-element elementor-element-8d3dead elementor-section-boxed elementor-section-height-default elementor-section-height-default\" data-id=\"8d3dead\" data-element_type=\"section\">\n\t\t\t\t\t\t<div class=\"elementor-container elementor-column-gap-default\">\n\t\t\t\t\t<div class=\"elementor-column elementor-col-100 elementor-top-column elementor-element elementor-element-8387acf\" data-id=\"8387acf\" data-element_type=\"column\">\n\t\t\t<div class=\"elementor-widget-wrap elementor-element-populated\">\n\t\t\t\t\t\t\t\t<div class=\"elementor-element elementor-element-9ab2c92 elementor-widget elementor-widget-text-editor\" data-id=\"9ab2c92\" data-element_type=\"widget\" data-widget_type=\"text-editor.default\">\n\t\t\t\t<div class=\"elementor-widget-container\">\n\t\t\t\t\t<div class=\"elementor-text-editor elementor-clearfix\"><ul>\n<li><b>Direcci\u00f3n de salud<\/b><\/li>\n<li><span style=\"font-style: inherit; color: var( --e-global-color-text ); font-family: var( --e-global-typography-text-font-family ), Sans-serif;\"><span style=\"font-style: inherit; color: var( --e-global-color-text ); font-family: var( --e-global-typography-text-font-family ), Sans-serif;\">2345&nbsp; 450110<\/span><\/span><\/li>\n<li><b style=\"font-style: inherit; color: var( --e-global-color-text ); font-family: var( --e-global-typography-text-font-family ), Sans-serif;\">Salas Perif\u00e9ricas&nbsp;<\/b><\/li>\n<li><span style=\"font-weight: 400;\">Sala Villa Barreiro<\/span><span style=\"font-weight: 400;\">: 02345 15 421635<\/span><\/li>\n<li><span style=\"font-weight: 400;\">Sala Barrio Obrero<\/span><span style=\"font-weight: 400;\">: 02345 15 4166724<\/span><\/li>\n<li><span style=\"font-weight: 400;\">Sala Villa Althabe:&nbsp; 0<\/span><span style=\"font-weight: 400;\">2344 15 500753<\/span><\/li>\n<li><span style=\"font-weight: 400;\">Sala Villa Belgrano:<\/span><span style=\"font-weight: 400;\">&nbsp; 02345 15 682891<\/span><\/li>\n<li>Sala Hinojales \/ Pje El Tabar\u00e9:&nbsp;&nbsp;<span style=\"font-style: inherit; font-weight: inherit; color: var( --e-global-color-text ); font-family: var( --e-global-typography-text-font-family ), Sans-serif;\"><span style=\"font-style: inherit; font-weight: inherit; color: var( --e-global-color-text ); font-family: var( --e-global-typography-text-font-family ), Sans-serif;\"><a href=\"https:\/\/www.google.com\/maps\/place\/36%C2%B000'40.1%22S+59%C2%B041'59.6%22W\/@-36.0111386,-59.7020647,17z\/data=!3m1!4b1!4m5!3m4!1s0x0:0x0!8m2!3d-36.011143!4d-59.699876\" target=\"_blank\" rel=\"noopener\">-36.011143, -59.699876<\/a><\/span><\/span><\/li>\n<li><span style=\"font-weight: 400;\"><span style=\"font-weight: bold;\">Destacamentos Policiales<\/span><\/span><\/li>\n<li>Destacamento R.P. N\u00ba 51:&nbsp;<a href=\"https:\/\/www.google.com\/maps\/place\/36%C2%B000'55.2%22S+60%C2%B005'09.7%22W\/@-36.0153239,-60.0882094,17z\/data=!3m1!4b1!4m5!3m4!1s0x0:0x0!8m2!3d-36.0153283!4d-60.0860207\" target=\"_blank\" rel=\"noopener\">-36.01532829,-60.08602073<\/a><\/li>\n<li>Destacamento R.N. N\u00ba 205:&nbsp;<a href=\"https:\/\/www.google.com\/maps\/place\/35%C2%B054'26.5%22S+60%C2%B016'50.2%22W\/@-35.9073476,-60.2827877,17z\/data=!3m1!4b1!4m5!3m4!1s0x0:0x0!8m2!3d-35.907352!4d-60.280599\" target=\"_blank\" rel=\"noopener\">-35.907352, -60.280599<\/a><\/li>\n<li>Destacamento R.P. N\u00ba 61:<span style=\"font-style: inherit; color: var( --e-global-color-text ); font-family: var( --e-global-typography-text-font-family ), Sans-serif;\">&nbsp;<\/span><a href=\"https:\/\/www.google.com\/maps\/place\/36%C2%B000'53.5%22S+60%C2%B005'10.2%22W\/@-36.0148486,-60.0883427,17z\/data=!3m1!4b1!4m5!3m4!1s0x0:0x0!8m2!3d-36.014853!4d-60.086154\" target=\"_blank\" rel=\"noopener\">-36.014853, -60.086154<\/a><\/li>\n<li>Destacamento J M Micheo:&nbsp;<a href=\"https:\/\/www.google.com\/maps\/place\/35%C2%B052'54.6%22S+59%C2%B056'44.5%22W\/@-35.8818226,-59.9478907,17z\/data=!3m1!4b1!4m5!3m4!1s0x0:0x0!8m2!3d-35.881827!4d-59.945702\" target=\"_blank\" rel=\"noopener\">-35.881827, -59.945702<\/a><\/li>\n<li>Destacamento Santa Isabel:&nbsp; 02345 15 662398,&nbsp;<a href=\"https:\/\/www.google.com\/maps\/place\/36%C2%B008'04.9%22S+60%C2%B037'06.9%22W\/@-36.1346806,-60.6207767,17z\/data=!3m1!4b1!4m5!3m4!1s0x0:0x0!8m2!3d-36.134685!4d-60.618588\" target=\"_blank\" rel=\"noopener\">-36.134685,-60.618588<\/a><\/li>\n<li>Destacamento El Tabar\u00e9\/Hinojales:&nbsp;<a href=\"https:\/\/www.google.com\/maps\/place\/36%C2%B000'36.5%22S+59%C2%B042'01.5%22W\/@-36.0101416,-59.7026017,17z\/data=!3m1!4b1!4m5!3m4!1s0x0:0x0!8m2!3d-36.010146!4d-59.700413\" target=\"_blank\" rel=\"noopener\">-36.010146, -59.700413<\/a><\/li>\n<\/ul><\/div>\n\t\t\t\t<\/div>\n\t\t\t\t<\/div>\n\t\t\t\t\t<\/div>\n\t\t<\/div>\n\t\t\t\t\t\t\t<\/div>\n\t\t<\/section>\n\t\t\t\t\t\t<\/div>\n\t\t\t\t\t<\/div>\n\t\t","protected":false},"excerpt":{"rendered":"<p>Tel\u00e9fonos \u00datiles Hospital 107 Guardia 02344 481252 Polic\u00eda 911 Emergencias 101 Comisaria Local 02344 481500 Patrulla Rural 02344 480280 Bomberos 100 Cuartel de Bomberos 02344 481111 Inspector de Flora y Fauna 02344 15 422193 Casa de Campo 02344 480139 Otros Tel\u00e9fonos Direcci\u00f3n de salud 2345&nbsp; 450110 Salas Perif\u00e9ricas&nbsp; Sala Villa Barreiro: 02345 15 421635 Sala &hellip;<\/p>\n<p class=\"read-more\"> <a class=\"\" href=\"https:\/\/turismoalvearba.tur.ar\/?page_id=1820\"> <span class=\"screen-reader-text\">Telefonos Utiles<\/span> Leer m\u00e1s &raquo;<\/a><\/p>\n","protected":false},"author":1,"featured_media":0,"parent":0,"menu_order":0,"comment_status":"closed","ping_status":"closed","template":"","meta":{"footnotes":""},"class_list":["post-1820","page","type-page","status-publish","hentry"],"_links":{"self":[{"href":"https:\/\/turismoalvearba.tur.ar\/index.php?rest_route=\/wp\/v2\/pages\/1820","targetHints":{"allow":["GET"]}}],"collection":[{"href":"https:\/\/turismoalvearba.tur.ar\/index.php?rest_route=\/wp\/v2\/pages"}],"about":[{"href":"https:\/\/turismoalvearba.tur.ar\/index.php?rest_route=\/wp\/v2\/types\/page"}],"author":[{"embeddable":true,"href":"https:\/\/turismoalvearba.tur.ar\/index.php?rest_route=\/wp\/v2\/users\/1"}],"replies":[{"embeddable":true,"href":"https:\/\/turismoalvearba.tur.ar\/index.php?rest_route=%2Fwp%2Fv2%2Fcomments&post=1820"}],"version-history":[{"count":17,"href":"https:\/\/turismoalvearba.tur.ar\/index.php?rest_route=\/wp\/v2\/pages\/1820\/revisions"}],"predecessor-version":[{"id":1998,"href":"https:\/\/turismoalvearba.tur.ar\/index.php?rest_route=\/wp\/v2\/pages\/1820\/revisions\/1998"}],"wp:attachment":[{"href":"https:\/\/turismoalvearba.tur.ar\/index.php?rest_route=%2Fwp%2Fv2%2Fmedia&parent=1820"}],"curies":[{"name":"wp","href":"https:\/\/api.w.org\/{rel}","templated":true}]}}